{"id":102,"date":"2020-04-04T15:08:32","date_gmt":"2020-04-04T14:08:32","guid":{"rendered":"http:\/\/78.47.153.69\/wordpress\/?page_id=102"},"modified":"2020-04-04T15:14:07","modified_gmt":"2020-04-04T14:14:07","slug":"efb-karnten","status":"publish","type":"page","link":"https:\/\/efb.at\/?page_id=102","title":{"rendered":"EFB K\u00e4rnten"},"content":{"rendered":"\n<div class=\"wp-block-themeisle-blocks-advanced-columns has-1-columns has-desktop-equal-layout has-tablet-equal-layout has-mobile-equal-layout has-default-gap has-vertical-unset\" id=\"wp-block-themeisle-blocks-advanced-columns-feacbd60\"><div class=\"wp-block-themeisle-blocks-advanced-columns-overlay\"><\/div><div class=\"innerblocks-wrap\">\n<div class=\"wp-block-themeisle-blocks-advanced-column\" id=\"wp-block-themeisle-blocks-advanced-column-f9653370\">\n<h2 class=\"wp-block-heading\"><strong>Team K\u00e4rnten<\/strong><\/h2>\n\n\n\n<ul class=\"wp-block-list\"><li>Pr\u00e4sident: Harry Koller<\/li><li>Erste Vizepr\u00e4sidentin: Mag. Melitta Trunk<\/li><li>Zweiter Vizepr\u00e4sident: HR Dir. Mag. Heinz-Karl Rieger<\/li><li>Landeskassier: OStR Mag. Walter Juritsch<\/li><li>Landeskassier Stellvertreterin: Anisa Halilovic<\/li><li>Gesch\u00e4ftsf\u00fchrer: Marc Germeshausen, MSc BA KHS<\/li><\/ul>\n\n\n\n<h2 class=\"wp-block-heading\">Aktivit\u00e4ten<\/h2>\n\n\n\n<p>Unsere Aktivit\u00e4ten finden regelm\u00e4\u00dfig in Zusammenarbeit mit dem <a href=\"https:\/\/europahaus-klagenfurt.at\/\">Europahaus Klagenfurt<\/a> statt.<\/p>\n\n\n\n<h2 class=\"wp-block-heading\">Impressum<\/h2>\n\n\n\n<p>Verein Europ\u00e4ische F\u00f6deralistische Bewegung \u00d6sterreich, Landesverband K\u00e4rnten, &#8222;EFB\u00d6 &#8211; Landesverband K\u00e4rnten&#8220;<\/p>\n\n\n\n<p>ZVR: 513469516<\/p>\n\n\n\n<p>Sitz, Zustellanschrift: Reitschulgasse 4, 9020 Klagenfurt am W\u00f6rthersee<\/p>\n\n\n\n<p>Entstehungsdatum: 26. April 1968<\/p>\n<\/div>\n<\/div><\/div>\n\n\n\n<p><\/p>\n","protected":false},"excerpt":{"rendered":"","protected":false},"author":1,"featured_media":0,"parent":0,"menu_order":0,"comment_status":"closed","ping_status":"closed","template":"","meta":{"footnotes":""},"class_list":["post-102","page","type-page","status-publish","hentry"],"_links":{"self":[{"href":"https:\/\/efb.at\/index.php?rest_route=\/wp\/v2\/pages\/102","targetHints":{"allow":["GET"]}}],"collection":[{"href":"https:\/\/efb.at\/index.php?rest_route=\/wp\/v2\/pages"}],"about":[{"href":"https:\/\/efb.at\/index.php?rest_route=\/wp\/v2\/types\/page"}],"author":[{"embeddable":true,"href":"https:\/\/efb.at\/index.php?rest_route=\/wp\/v2\/users\/1"}],"replies":[{"embeddable":true,"href":"https:\/\/efb.at\/index.php?rest_route=%2Fwp%2Fv2%2Fcomments&post=102"}],"version-history":[{"count":3,"href":"https:\/\/efb.at\/index.php?rest_route=\/wp\/v2\/pages\/102\/revisions"}],"predecessor-version":[{"id":127,"href":"https:\/\/efb.at\/index.php?rest_route=\/wp\/v2\/pages\/102\/revisions\/127"}],"wp:attachment":[{"href":"https:\/\/efb.at\/index.php?rest_route=%2Fwp%2Fv2%2Fmedia&parent=102"}],"curies":[{"name":"wp","href":"https:\/\/api.w.org\/{rel}","templated":true}]}}