{"id":6,"date":"2020-04-04T13:29:58","date_gmt":"2020-04-04T12:29:58","guid":{"rendered":"http:\/\/78.47.153.69\/wordpress\/?page_id=6"},"modified":"2024-11-17T11:36:58","modified_gmt":"2024-11-17T10:36:58","slug":"startseite","status":"publish","type":"page","link":"https:\/\/efb.at\/","title":{"rendered":"Startseite"},"content":{"rendered":"<div class=\"col-md-12\">\n<h3>\u00dcber uns<\/h3>\n<p>Die EFB ist der \u00f6sterreichische Zweig der <a href=\"http:\/\/www.federalists.eu\/\">Union Europ\u00e4ischer F\u00f6deralisten (UEF)<\/a> und gemeinsam mit ihrem Jugendverband <a href=\"http:\/\/bej.or.at\/\">Bund Europ\u00e4ischer Jugend (BEJ)<\/a> Mitglied in der <a href=\"http:\/\/www.eb-austria.eu\/\">Europ\u00e4ischen Bewegung \u00d6sterreich (EB\u00d6)<\/a>. Die Europ\u00e4ische F\u00f6deralistische Bewegung wurde 1946 von vision\u00e4ren Europ\u00e4erinnen und Europ\u00e4ern als streng \u00fcberparteiliche und \u00fcberkonfessionelle proeurop\u00e4ische Organisation gegr\u00fcndet.<\/p>\n<\/div>\n\n\n<p><\/p>\n","protected":false},"excerpt":{"rendered":"<p>\u00dcber uns Die EFB ist der \u00f6sterreichische Zweig der Union Europ\u00e4ischer F\u00f6deralisten (UEF) und gemeinsam mit ihrem Jugendverband Bund Europ\u00e4ischer Jugend (BEJ) Mitglied in der Europ\u00e4ischen Bewegung \u00d6sterreich (EB\u00d6). Die Europ\u00e4ische F\u00f6deralistische Bewegung wurde 1946 von vision\u00e4ren Europ\u00e4erinnen und Europ\u00e4ern als streng \u00fcberparteiliche und \u00fcberkonfessionelle proeurop\u00e4ische Organisation gegr\u00fcndet.<\/p>\n","protected":false},"author":1,"featured_media":22,"parent":0,"menu_order":0,"comment_status":"closed","ping_status":"closed","template":"","meta":{"footnotes":""},"class_list":["post-6","page","type-page","status-publish","has-post-thumbnail","hentry"],"_links":{"self":[{"href":"https:\/\/efb.at\/index.php?rest_route=\/wp\/v2\/pages\/6","targetHints":{"allow":["GET"]}}],"collection":[{"href":"https:\/\/efb.at\/index.php?rest_route=\/wp\/v2\/pages"}],"about":[{"href":"https:\/\/efb.at\/index.php?rest_route=\/wp\/v2\/types\/page"}],"author":[{"embeddable":true,"href":"https:\/\/efb.at\/index.php?rest_route=\/wp\/v2\/users\/1"}],"replies":[{"embeddable":true,"href":"https:\/\/efb.at\/index.php?rest_route=%2Fwp%2Fv2%2Fcomments&post=6"}],"version-history":[{"count":6,"href":"https:\/\/efb.at\/index.php?rest_route=\/wp\/v2\/pages\/6\/revisions"}],"predecessor-version":[{"id":542,"href":"https:\/\/efb.at\/index.php?rest_route=\/wp\/v2\/pages\/6\/revisions\/542"}],"wp:featuredmedia":[{"embeddable":true,"href":"https:\/\/efb.at\/index.php?rest_route=\/wp\/v2\/media\/22"}],"wp:attachment":[{"href":"https:\/\/efb.at\/index.php?rest_route=%2Fwp%2Fv2%2Fmedia&parent=6"}],"curies":[{"name":"wp","href":"https:\/\/api.w.org\/{rel}","templated":true}]}}