{"id":65,"date":"2020-04-04T14:25:50","date_gmt":"2020-04-04T13:25:50","guid":{"rendered":"http:\/\/78.47.153.69\/wordpress\/?page_id=65"},"modified":"2025-04-18T14:14:34","modified_gmt":"2025-04-18T13:14:34","slug":"impressum","status":"publish","type":"page","link":"https:\/\/efb.at\/?page_id=65","title":{"rendered":"Impressum"},"content":{"rendered":"\n<p><em>Informationspflicht laut \u00a75 E-Commerce Gesetz, \u00a714 Unternehmensgesetzbuch, \u00a763 Gewerbeordnung und Offenlegungspflicht laut \u00a725 Mediengesetz.<\/em><\/p>\n\n\n\n<p><strong>Rechtsform<\/strong>: Verein<\/p>\n\n\n\n<p><strong>Name<\/strong>: Europ\u00e4ische F\u00f6deralistische Bewegung \u00d6sterreich (EFB), Union Europ\u00e4ischer F\u00f6deralisten \u00d6sterreich (UEF), EUROPA UNION, Union des Federalistes Europeens und Union of European Federalists<br><strong>Sitz<\/strong>: Wien, \u00d6sterreich<br><strong>ZVR<\/strong>: 226755855<\/p>\n\n\n\n<p><strong>Anschrift<\/strong>: Lassingleithnerplatz 2\/3, 1020 Wien, \u00d6sterreich<br><strong>Telefonnummer<\/strong>: +43 5 99 50<br><strong>E-Mail-Adresse<\/strong>: office@efb.at<\/p>\n\n\n\n<p><strong>Organschaftliche Vertretung<\/strong>: Lukas Mandl (Pr\u00e4sident), Evelin Lichtenberger (Vizepr\u00e4sidentin), Philip Agathonos (Vizepr\u00e4sident), Andrea Kohl (Vizepr\u00e4sidentin), Kati Schneeberger (Vizepr\u00e4sidentin), Jakob Etzel (Generalsekret\u00e4r), Peter Rindler (Bundeskassier).<\/p>\n\n\n\n<p><strong>Bankverbindung<\/strong>: Konto AT58 2011 1824 2339 5900 bei der Ersten Bank der \u00f6sterreichischen Sparkassen (GIBAATWWXXX).<\/p>\n\n\n\n<p><\/p>\n","protected":false},"excerpt":{"rendered":"<p>Informationspflicht laut \u00a75 E-Commerce Gesetz, \u00a714 Unternehmensgesetzbuch, \u00a763 Gewerbeordnung und Offenlegungspflicht laut \u00a725 Mediengesetz. Rechtsform: Verein Name: Europ\u00e4ische F\u00f6deralistische Bewegung \u00d6sterreich (EFB), Union Europ\u00e4ischer F\u00f6deralisten \u00d6sterreich (UEF), EUROPA UNION, Union des Federalistes Europeens und Union of European FederalistsSitz: Wien, \u00d6sterreichZVR: 226755855 Anschrift: Lassingleithnerplatz 2\/3, 1020 Wien, \u00d6sterreichTelefonnummer: +43 5 99 [&hellip;]<\/p>\n","protected":false},"author":1,"featured_media":0,"parent":0,"menu_order":0,"comment_status":"closed","ping_status":"closed","template":"","meta":{"footnotes":""},"class_list":["post-65","page","type-page","status-publish","hentry"],"_links":{"self":[{"href":"https:\/\/efb.at\/index.php?rest_route=\/wp\/v2\/pages\/65","targetHints":{"allow":["GET"]}}],"collection":[{"href":"https:\/\/efb.at\/index.php?rest_route=\/wp\/v2\/pages"}],"about":[{"href":"https:\/\/efb.at\/index.php?rest_route=\/wp\/v2\/types\/page"}],"author":[{"embeddable":true,"href":"https:\/\/efb.at\/index.php?rest_route=\/wp\/v2\/users\/1"}],"replies":[{"embeddable":true,"href":"https:\/\/efb.at\/index.php?rest_route=%2Fwp%2Fv2%2Fcomments&post=65"}],"version-history":[{"count":7,"href":"https:\/\/efb.at\/index.php?rest_route=\/wp\/v2\/pages\/65\/revisions"}],"predecessor-version":[{"id":655,"href":"https:\/\/efb.at\/index.php?rest_route=\/wp\/v2\/pages\/65\/revisions\/655"}],"wp:attachment":[{"href":"https:\/\/efb.at\/index.php?rest_route=%2Fwp%2Fv2%2Fmedia&parent=65"}],"curies":[{"name":"wp","href":"https:\/\/api.w.org\/{rel}","templated":true}]}}